{"id":83,"date":"2024-03-23T10:22:52","date_gmt":"2024-03-23T10:22:52","guid":{"rendered":"https:\/\/balekstreet.nodot.fr\/?page_id=83"},"modified":"2024-06-02T13:29:53","modified_gmt":"2024-06-02T13:29:53","slug":"accueil-homepage-balek-street","status":"publish","type":"page","link":"https:\/\/balekstreet.nodot.fr\/","title":{"rendered":"Homepage"},"content":{"rendered":"\t\t<div data-elementor-type=\"wp-page\" data-elementor-id=\"83\" class=\"elementor elementor-83\">\n\t\t\t\t<div class=\"elementor-element elementor-element-4f7eeae e-flex e-con-boxed e-con e-parent\" data-id=\"4f7eeae\" data-element_type=\"container\" data-settings=\"{&quot;background_background&quot;:&quot;classic&quot;}\">\n\t\t\t\t\t<div class=\"e-con-inner\">\n\t\t<div class=\"elementor-element elementor-element-5b455a7 e-flex e-con-boxed e-con e-child\" data-id=\"5b455a7\" data-element_type=\"container\" data-settings=\"{&quot;background_background&quot;:&quot;classic&quot;}\">\n\t\t\t\t\t<div class=\"e-con-inner\">\n\t\t<div class=\"elementor-element elementor-element-36774a4 e-con-full e-flex e-con e-child\" data-id=\"36774a4\" data-element_type=\"container\">\n\t\t\t\t<div class=\"elementor-element elementor-element-2d3ab87 elementor-widget elementor-widget-image\" data-id=\"2d3ab87\" data-element_type=\"widget\" data-widget_type=\"image.default\">\n\t\t\t\t<div class=\"elementor-widget-container\">\n\t\t\t\t\t\t\t\t\t\t\t\t\t\t\t<img fetchpriority=\"high\" decoding=\"async\" width=\"1024\" height=\"573\" src=\"https:\/\/balekstreet.nodot.fr\/wp-content\/uploads\/2024\/03\/Capture-decran-2024-03-24-a-18.37.40-1024x573.png\" class=\"attachment-large size-large wp-image-141\" alt=\"Balek Street Episode 13\" srcset=\"https:\/\/balekstreet.nodot.fr\/wp-content\/uploads\/2024\/03\/Capture-decran-2024-03-24-a-18.37.40-1024x573.png 1024w, https:\/\/balekstreet.nodot.fr\/wp-content\/uploads\/2024\/03\/Capture-decran-2024-03-24-a-18.37.40-600x336.png 600w, https:\/\/balekstreet.nodot.fr\/wp-content\/uploads\/2024\/03\/Capture-decran-2024-03-24-a-18.37.40-300x168.png 300w, https:\/\/balekstreet.nodot.fr\/wp-content\/uploads\/2024\/03\/Capture-decran-2024-03-24-a-18.37.40-768x430.png 768w, https:\/\/balekstreet.nodot.fr\/wp-content\/uploads\/2024\/03\/Capture-decran-2024-03-24-a-18.37.40.png 1186w\" sizes=\"(max-width: 1024px) 100vw, 1024px\" \/>\t\t\t\t\t\t\t\t\t\t\t\t\t\t\t<\/div>\n\t\t\t\t<\/div>\n\t\t\t\t<\/div>\n\t\t<div class=\"elementor-element elementor-element-bd6cb90 e-flex e-con-boxed e-con e-child\" data-id=\"bd6cb90\" data-element_type=\"container\" data-settings=\"{&quot;background_background&quot;:&quot;classic&quot;}\">\n\t\t\t\t\t<div class=\"e-con-inner\">\n\t\t\t\t<div class=\"elementor-element elementor-element-b13e220 elementor-widget elementor-widget-heading\" data-id=\"b13e220\" data-element_type=\"widget\" data-widget_type=\"heading.default\">\n\t\t\t\t<div class=\"elementor-widget-container\">\n\t\t\t\t\t<h1 class=\"elementor-heading-title elementor-size-default\">DERNIER \u00e9pisode DE BALEK STREET : gros bug (de l'an 2000)<\/h1>\t\t\t\t<\/div>\n\t\t\t\t<\/div>\n\t\t\t\t<div class=\"elementor-element elementor-element-70609ba elementor-widget elementor-widget-text-editor\" data-id=\"70609ba\" data-element_type=\"widget\" data-widget_type=\"text-editor.default\">\n\t\t\t\t<div class=\"elementor-widget-container\">\n\t\t\t\t\t\t\t\t\t<p>Tu l&rsquo;as pas encore vu ?! Va vite streamer le dernier \u00e9pisode de Balek Street ! Dans cet \u00e9pisode, on rencontre Antonin le gros geek de service qui a visiblement trop abus\u00e9 des jeux vid\u00e9os&#8230;<\/p>\t\t\t\t\t\t\t\t<\/div>\n\t\t\t\t<\/div>\n\t\t\t\t<div class=\"elementor-element elementor-element-77867b8 elementor-align-right elementor-widget elementor-widget-button\" data-id=\"77867b8\" data-element_type=\"widget\" data-widget_type=\"button.default\">\n\t\t\t\t<div class=\"elementor-widget-container\">\n\t\t\t\t\t\t\t\t\t<div class=\"elementor-button-wrapper\">\n\t\t\t\t\t<a class=\"elementor-button elementor-button-link elementor-size-sm elementor-animation-buzz\" href=\"https:\/\/www.instagram.com\/reel\/C3xu8g_C041\/?utm_source=ig_web_copy_link\" target=\"_blank\">\n\t\t\t\t\t\t<span class=\"elementor-button-content-wrapper\">\n\t\t\t\t\t\t\t\t\t<span class=\"elementor-button-text\">visionner<\/span>\n\t\t\t\t\t<\/span>\n\t\t\t\t\t<\/a>\n\t\t\t\t<\/div>\n\t\t\t\t\t\t\t\t<\/div>\n\t\t\t\t<\/div>\n\t\t\t\t\t<\/div>\n\t\t\t\t<\/div>\n\t\t\t\t\t<\/div>\n\t\t\t\t<\/div>\n\t\t\t\t\t<\/div>\n\t\t\t\t<\/div>\n\t\t<div class=\"elementor-element elementor-element-24b09fd e-flex e-con-boxed e-con e-parent\" data-id=\"24b09fd\" data-element_type=\"container\" data-settings=\"{&quot;background_background&quot;:&quot;classic&quot;}\">\n\t\t\t\t\t<div class=\"e-con-inner\">\n\t\t<div class=\"elementor-element elementor-element-ec31ebf e-con-full e-flex e-con e-child\" data-id=\"ec31ebf\" data-element_type=\"container\" data-settings=\"{&quot;background_background&quot;:&quot;classic&quot;}\">\n\t\t<div class=\"elementor-element elementor-element-5d8c5f2 e-flex e-con-boxed e-con e-child\" data-id=\"5d8c5f2\" data-element_type=\"container\">\n\t\t\t\t\t<div class=\"e-con-inner\">\n\t\t\t\t<div class=\"elementor-element elementor-element-4a0dcdf elementor-widget elementor-widget-image\" data-id=\"4a0dcdf\" data-element_type=\"widget\" data-widget_type=\"image.default\">\n\t\t\t\t<div class=\"elementor-widget-container\">\n\t\t\t\t\t\t\t\t\t\t\t\t\t\t\t<img decoding=\"async\" src=\"https:\/\/balekstreet.nodot.fr\/wp-content\/plugins\/elementor\/assets\/images\/placeholder.png\" title=\"\" alt=\"\" loading=\"lazy\" \/>\t\t\t\t\t\t\t\t\t\t\t\t\t\t\t<\/div>\n\t\t\t\t<\/div>\n\t\t<div class=\"elementor-element elementor-element-e7260de e-flex e-con-boxed e-con e-child\" data-id=\"e7260de\" data-element_type=\"container\">\n\t\t\t\t\t<div class=\"e-con-inner\">\n\t\t\t\t<div class=\"elementor-element elementor-element-eec9cc8 elementor-widget elementor-widget-heading\" data-id=\"eec9cc8\" data-element_type=\"widget\" data-widget_type=\"heading.default\">\n\t\t\t\t<div class=\"elementor-widget-container\">\n\t\t\t\t\t<h2 class=\"elementor-heading-title elementor-size-default\">Laurent<\/h2>\t\t\t\t<\/div>\n\t\t\t\t<\/div>\n\t\t\t\t<div class=\"elementor-element elementor-element-2650d85 elementor-widget elementor-widget-text-editor\" data-id=\"2650d85\" data-element_type=\"widget\" data-widget_type=\"text-editor.default\">\n\t\t\t\t<div class=\"elementor-widget-container\">\n\t\t\t\t\t\t\t\t\t<p>Motion Designer, Laurent aime chiller tranquille avec son bedo en main, il est la force tranquille du duo mais il devient compl\u00e8tement fou en p\u00e9riode de pleine lune ! C&rsquo;est gr\u00e2ce \u00e0 lui que l&rsquo;absurde est au c\u0153ur du projet.<\/p>\t\t\t\t\t\t\t\t<\/div>\n\t\t\t\t<\/div>\n\t\t\t\t\t<\/div>\n\t\t\t\t<\/div>\n\t\t\t\t\t<\/div>\n\t\t\t\t<\/div>\n\t\t\t\t<\/div>\n\t\t<div class=\"elementor-element elementor-element-555d0b3 e-con-full e-flex e-con e-child\" data-id=\"555d0b3\" data-element_type=\"container\" data-settings=\"{&quot;background_background&quot;:&quot;classic&quot;}\">\n\t\t<div class=\"elementor-element elementor-element-785c101 e-flex e-con-boxed e-con e-child\" data-id=\"785c101\" data-element_type=\"container\">\n\t\t\t\t\t<div class=\"e-con-inner\">\n\t\t\t\t<div class=\"elementor-element elementor-element-2119221 elementor-widget elementor-widget-image\" data-id=\"2119221\" data-element_type=\"widget\" data-widget_type=\"image.default\">\n\t\t\t\t<div class=\"elementor-widget-container\">\n\t\t\t\t\t\t\t\t\t\t\t\t\t\t\t<img decoding=\"async\" src=\"https:\/\/balekstreet.nodot.fr\/wp-content\/plugins\/elementor\/assets\/images\/placeholder.png\" title=\"\" alt=\"\" loading=\"lazy\" \/>\t\t\t\t\t\t\t\t\t\t\t\t\t\t\t<\/div>\n\t\t\t\t<\/div>\n\t\t<div class=\"elementor-element elementor-element-048386b e-flex e-con-boxed e-con e-child\" data-id=\"048386b\" data-element_type=\"container\">\n\t\t\t\t\t<div class=\"e-con-inner\">\n\t\t\t\t<div class=\"elementor-element elementor-element-5b38aaf elementor-widget elementor-widget-heading\" data-id=\"5b38aaf\" data-element_type=\"widget\" data-widget_type=\"heading.default\">\n\t\t\t\t<div class=\"elementor-widget-container\">\n\t\t\t\t\t<h2 class=\"elementor-heading-title elementor-size-default\">LAURA<\/h2>\t\t\t\t<\/div>\n\t\t\t\t<\/div>\n\t\t\t\t<div class=\"elementor-element elementor-element-c0da313 elementor-widget elementor-widget-text-editor\" data-id=\"c0da313\" data-element_type=\"widget\" data-widget_type=\"text-editor.default\">\n\t\t\t\t<div class=\"elementor-widget-container\">\n\t\t\t\t\t\t\t\t\t<p><span style=\"font-family: 'Comic Neue', sans-serif; font-size: 14px; font-style: normal; font-variant-ligatures: normal; font-variant-caps: normal; font-weight: 400;\">Graphiste de m\u00e9tier, Laura est l&rsquo;esprit d\u00e9moniaque du projet, un m\u00e9lange de blagues pourries et de revendications anarcho-f\u00e9ministes, c&rsquo;est gr\u00e2ce \u00e0 elle que Balek Street est aussi border et d\u00e9gueulasse.<\/span><\/p>\t\t\t\t\t\t\t\t<\/div>\n\t\t\t\t<\/div>\n\t\t\t\t\t<\/div>\n\t\t\t\t<\/div>\n\t\t\t\t\t<\/div>\n\t\t\t\t<\/div>\n\t\t\t\t<\/div>\n\t\t\t\t\t<\/div>\n\t\t\t\t<\/div>\n\t\t<div class=\"elementor-element elementor-element-cff1e68 e-flex e-con-boxed e-con e-parent\" data-id=\"cff1e68\" data-element_type=\"container\" data-settings=\"{&quot;background_background&quot;:&quot;classic&quot;}\">\n\t\t\t\t\t<div class=\"e-con-inner\">\n\t\t<div class=\"elementor-element elementor-element-a14ae2e e-flex e-con-boxed e-con e-child\" data-id=\"a14ae2e\" data-element_type=\"container\" data-settings=\"{&quot;background_background&quot;:&quot;classic&quot;}\">\n\t\t\t\t\t<div class=\"e-con-inner\">\n\t\t\t\t<div class=\"elementor-element elementor-element-76b03a3 elementor-widget elementor-widget-image\" data-id=\"76b03a3\" data-element_type=\"widget\" data-widget_type=\"image.default\">\n\t\t\t\t<div class=\"elementor-widget-container\">\n\t\t\t\t\t\t\t\t\t\t\t\t\t\t\t<img decoding=\"async\" src=\"https:\/\/balekstreet.nodot.fr\/wp-content\/uploads\/elementor\/thumbs\/Logo-BS-qmlo5jk8zss9247h5hcobgxuhy1d7d954k3ayvve2o.png\" title=\"Logo Balek Street\" alt=\"Logo Balek Street\" loading=\"lazy\" \/>\t\t\t\t\t\t\t\t\t\t\t\t\t\t\t<\/div>\n\t\t\t\t<\/div>\n\t\t\t\t<div class=\"elementor-element elementor-element-419f6b2 elementor-widget elementor-widget-text-editor\" data-id=\"419f6b2\" data-element_type=\"widget\" data-widget_type=\"text-editor.default\">\n\t\t\t\t<div class=\"elementor-widget-container\">\n\t\t\t\t\t\t\t\t\t<p>POV : tu es t\u00e9moin de la cr\u00e9ation de Balek Street lors d&rsquo;une soir\u00e9e arros\u00e9e :<\/p>\n<p>Laura : Eh mec, &lsquo;faut trop qu&rsquo;on fasse un projet ensemble<br><span style=\"font-size: 14px; color: var( --e-global-color-text ); text-align: var(--text-align); background-color: var( --e-global-color-cd27b95 );\">Laurent : Ouais de ouf !<br><\/span><span style=\"font-size: 14px; color: var( --e-global-color-text ); text-align: var(--text-align); background-color: var( --e-global-color-cd27b95 );\">Laura : Genre un dessin anim\u00e9<br><\/span><span style=\"background-color: var( --e-global-color-cd27b95 ); color: var( --e-global-color-text ); font-size: 14px; text-align: var(--text-align);\">Laurent : Oh ouais, un truc o\u00f9 on ferait de l&rsquo;animation et tout<br><\/span><span style=\"font-size: 14px; color: var( --e-global-color-text ); text-align: var(--text-align); background-color: var( --e-global-color-cd27b95 );\">Laura : Il faudrait un nom \u00e0 l&rsquo;image de ce qu&rsquo;on va faire&#8230; Genre Balek Street ?<\/span><\/p>\n<p><span style=\"font-size: 14px; color: var( --e-global-color-text ); text-align: var(--text-align); background-color: var( --e-global-color-cd27b95 );\">Et boum ! Votre dessin anim\u00e9 pr\u00e9f\u00e9r\u00e9 existe enfin !<\/span><\/p>\n<p><span style=\"font-size: 14px; color: var( --e-global-color-text ); text-align: var(--text-align); background-color: var( --e-global-color-cd27b95 );\">Le concept ? 1 minute de kiff, des sujets d&rsquo;actualit\u00e9 et compl\u00e8tement d\u00e9biles m\u00e9lang\u00e9s \u00e0 des personnages tout aussi stupides ! Tout est fait \u00e0 l&rsquo;arrache, en mode \u00ab\u00a0balek\u00a0\u00bb et en plus tout est fait maison, de l&rsquo;animation bancale aux voix \u00e0 l&rsquo;accent douteux en passant par les sc\u00e9narios les plus barr\u00e9s de l&rsquo;histoire des internets !<\/span><\/p>\n<p>Non seulement ils ne sont pas r\u00e9guliers dans la sortie des \u00e9pisodes mais en plus c&rsquo;est une bonne paire de flemmards ! Cependant, cela rend la sortie d&rsquo;un \u00e9pisode assez extraordinaire&nbsp;<img decoding=\"async\" draggable=\"false\" role=\"img\" class=\"emoji\" alt=\"\ud83d\ude0e\" src=\"https:\/\/s.w.org\/images\/core\/emoji\/15.0.3\/svg\/1f60e.svg\"><\/p>\n<p><span style=\"font-size: 14px; color: var( --e-global-color-text ); text-align: var(--text-align); background-color: var( --e-global-color-cd27b95 );\">Fonce et vas binge watcher tous les \u00e9pisodes pour \u00eatre \u00e0 jour et n&rsquo;oublie pas \u00e9galement de mettre le son, ce serait vraiment b\u00eate de ne pas vivre l&rsquo;exp\u00e9rience Balek Street jusqu&rsquo;au bout !<\/span><\/p>\n<p><a href=\"https:\/\/balekstreet.nodot.fr\/index.php\/contact\/\">Contacte-nous !<\/a><\/p>\n<p>En tout cas, n&rsquo;h\u00e9site pas \u00e0 rentrer en contact avec nous : on est ouverts \u00e0 toutes sortes de partenariat et on aime avoir des feedback de nos viewers !<\/p>\n<p>Allez, salut les balekos !!<\/p>\t\t\t\t\t\t\t\t<\/div>\n\t\t\t\t<\/div>\n\t\t\t\t\t<\/div>\n\t\t\t\t<\/div>\n\t\t\t\t\t<\/div>\n\t\t\t\t<\/div>\n\t\t\t\t<\/div>\n\t\t","protected":false},"excerpt":{"rendered":"<p>DERNIER \u00e9pisode DE BALEK STREET : gros bug (de l&rsquo;an 2000) Tu l&rsquo;as pas encore vu ?! Va vite streamer le dernier \u00e9pisode de Balek Street ! Dans cet \u00e9pisode, on rencontre Antonin le gros geek de service qui a visiblement trop abus\u00e9 des jeux vid\u00e9os&#8230; visionner Laurent Motion Designer, Laurent aime chiller tranquille avec [&hellip;]<\/p>\n","protected":false},"author":2,"featured_media":0,"parent":0,"menu_order":0,"comment_status":"closed","ping_status":"closed","template":"elementor_header_footer","meta":{"ocean_post_layout":"","ocean_both_sidebars_style":"","ocean_both_sidebars_content_width":0,"ocean_both_sidebars_sidebars_width":0,"ocean_sidebar":"","ocean_second_sidebar":"","ocean_disable_margins":"enable","ocean_add_body_class":"","ocean_shortcode_before_top_bar":"","ocean_shortcode_after_top_bar":"","ocean_shortcode_before_header":"","ocean_shortcode_after_header":"","ocean_has_shortcode":"","ocean_shortcode_after_title":"","ocean_shortcode_before_footer_widgets":"","ocean_shortcode_after_footer_widgets":"","ocean_shortcode_before_footer_bottom":"","ocean_shortcode_after_footer_bottom":"","ocean_display_top_bar":"default","ocean_display_header":"default","ocean_header_style":"","ocean_center_header_left_menu":"","ocean_custom_header_template":"","ocean_custom_logo":0,"ocean_custom_retina_logo":0,"ocean_custom_logo_max_width":0,"ocean_custom_logo_tablet_max_width":0,"ocean_custom_logo_mobile_max_width":0,"ocean_custom_logo_max_height":0,"ocean_custom_logo_tablet_max_height":0,"ocean_custom_logo_mobile_max_height":0,"ocean_header_custom_menu":"","ocean_menu_typo_font_family":"","ocean_menu_typo_font_subset":"","ocean_menu_typo_font_size":0,"ocean_menu_typo_font_size_tablet":0,"ocean_menu_typo_font_size_mobile":0,"ocean_menu_typo_font_size_unit":"px","ocean_menu_typo_font_weight":"","ocean_menu_typo_font_weight_tablet":"","ocean_menu_typo_font_weight_mobile":"","ocean_menu_typo_transform":"","ocean_menu_typo_transform_tablet":"","ocean_menu_typo_transform_mobile":"","ocean_menu_typo_line_height":0,"ocean_menu_typo_line_height_tablet":0,"ocean_menu_typo_line_height_mobile":0,"ocean_menu_typo_line_height_unit":"","ocean_menu_typo_spacing":0,"ocean_menu_typo_spacing_tablet":0,"ocean_menu_typo_spacing_mobile":0,"ocean_menu_typo_spacing_unit":"","ocean_menu_link_color":"","ocean_menu_link_color_hover":"","ocean_menu_link_color_active":"","ocean_menu_link_background":"","ocean_menu_link_hover_background":"","ocean_menu_link_active_background":"","ocean_menu_social_links_bg":"","ocean_menu_social_hover_links_bg":"","ocean_menu_social_links_color":"","ocean_menu_social_hover_links_color":"","ocean_disable_title":"default","ocean_disable_heading":"default","ocean_post_title":"","ocean_post_subheading":"","ocean_post_title_style":"","ocean_post_title_background_color":"","ocean_post_title_background":0,"ocean_post_title_bg_image_position":"","ocean_post_title_bg_image_attachment":"","ocean_post_title_bg_image_repeat":"","ocean_post_title_bg_image_size":"","ocean_post_title_height":0,"ocean_post_title_bg_overlay":0.5,"ocean_post_title_bg_overlay_color":"","ocean_disable_breadcrumbs":"default","ocean_breadcrumbs_color":"","ocean_breadcrumbs_separator_color":"","ocean_breadcrumbs_links_color":"","ocean_breadcrumbs_links_hover_color":"","ocean_display_footer_widgets":"default","ocean_display_footer_bottom":"default","ocean_custom_footer_template":"","_themeisle_gutenberg_block_has_review":false,"footnotes":""},"class_list":["post-83","page","type-page","status-publish","hentry","entry","owp-thumbs-layout-horizontal","owp-btn-normal","owp-tabs-layout-horizontal","has-no-thumbnails","has-product-nav"],"yoast_head":"<!-- This site is optimized with the Yoast SEO plugin v26.0 - https:\/\/yoast.com\/wordpress\/plugins\/seo\/ -->\n<title>Balek Street, votre dessin anim\u00e9 compl\u00e8tement barr\u00e9 !<\/title>\n<meta name=\"description\" content=\"Minute de folie avec Balek Street ! Dessin anim\u00e9 d\u00e9jant\u00e9 o\u00f9 actualit\u00e9 et absurdit\u00e9 se rencontrent. D\u00e9couvrez le monde du &#039;balek&#039; !\" \/>\n<meta name=\"robots\" content=\"index, follow, max-snippet:-1, max-image-preview:large, max-video-preview:-1\" \/>\n<link rel=\"canonical\" href=\"https:\/\/balekstreet.nodot.fr\/\" \/>\n<meta property=\"og:locale\" content=\"fr_FR\" \/>\n<meta property=\"og:type\" content=\"article\" \/>\n<meta property=\"og:title\" content=\"Balek Street, votre dessin anim\u00e9 compl\u00e8tement barr\u00e9 !\" \/>\n<meta property=\"og:description\" content=\"Minute de folie avec Balek Street ! Dessin anim\u00e9 d\u00e9jant\u00e9 o\u00f9 actualit\u00e9 et absurdit\u00e9 se rencontrent. D\u00e9couvrez le monde du &#039;balek&#039; !\" \/>\n<meta property=\"og:url\" content=\"https:\/\/balekstreet.nodot.fr\/\" \/>\n<meta property=\"og:site_name\" content=\"Balekstreet\" \/>\n<meta property=\"article:modified_time\" content=\"2024-06-02T13:29:53+00:00\" \/>\n<meta property=\"og:image\" content=\"https:\/\/balekstreet.nodot.fr\/wp-content\/uploads\/2024\/03\/Capture-decran-2024-03-24-a-18.37.40-1024x573.png\" \/>\n<meta name=\"twitter:card\" content=\"summary_large_image\" \/>\n<meta name=\"twitter:label1\" content=\"Dur\u00e9e de lecture estim\u00e9e\" \/>\n\t<meta name=\"twitter:data1\" content=\"3 minutes\" \/>\n<script type=\"application\/ld+json\" class=\"yoast-schema-graph\">{\"@context\":\"https:\/\/schema.org\",\"@graph\":[{\"@type\":\"WebPage\",\"@id\":\"https:\/\/balekstreet.nodot.fr\/\",\"url\":\"https:\/\/balekstreet.nodot.fr\/\",\"name\":\"Balek Street, votre dessin anim\u00e9 compl\u00e8tement barr\u00e9 !\",\"isPartOf\":{\"@id\":\"https:\/\/balekstreet.nodot.fr\/#website\"},\"primaryImageOfPage\":{\"@id\":\"https:\/\/balekstreet.nodot.fr\/#primaryimage\"},\"image\":{\"@id\":\"https:\/\/balekstreet.nodot.fr\/#primaryimage\"},\"thumbnailUrl\":\"https:\/\/balekstreet.nodot.fr\/wp-content\/uploads\/2024\/03\/Capture-decran-2024-03-24-a-18.37.40-1024x573.png\",\"datePublished\":\"2024-03-23T10:22:52+00:00\",\"dateModified\":\"2024-06-02T13:29:53+00:00\",\"description\":\"Minute de folie avec Balek Street ! Dessin anim\u00e9 d\u00e9jant\u00e9 o\u00f9 actualit\u00e9 et absurdit\u00e9 se rencontrent. D\u00e9couvrez le monde du 'balek' !\",\"breadcrumb\":{\"@id\":\"https:\/\/balekstreet.nodot.fr\/#breadcrumb\"},\"inLanguage\":\"fr-FR\",\"potentialAction\":[{\"@type\":\"ReadAction\",\"target\":[\"https:\/\/balekstreet.nodot.fr\/\"]}]},{\"@type\":\"ImageObject\",\"inLanguage\":\"fr-FR\",\"@id\":\"https:\/\/balekstreet.nodot.fr\/#primaryimage\",\"url\":\"https:\/\/balekstreet.nodot.fr\/wp-content\/uploads\/2024\/03\/Capture-decran-2024-03-24-a-18.37.40.png\",\"contentUrl\":\"https:\/\/balekstreet.nodot.fr\/wp-content\/uploads\/2024\/03\/Capture-decran-2024-03-24-a-18.37.40.png\",\"width\":1186,\"height\":664,\"caption\":\"Balek Street Episode 13\"},{\"@type\":\"BreadcrumbList\",\"@id\":\"https:\/\/balekstreet.nodot.fr\/#breadcrumb\",\"itemListElement\":[{\"@type\":\"ListItem\",\"position\":1,\"name\":\"Accueil\",\"item\":\"https:\/\/balekstreet.nodot.fr\/\"},{\"@type\":\"ListItem\",\"position\":2,\"name\":\"Homepage\"}]},{\"@type\":\"WebSite\",\"@id\":\"https:\/\/balekstreet.nodot.fr\/#website\",\"url\":\"https:\/\/balekstreet.nodot.fr\/\",\"name\":\"Balek Street\",\"description\":\"\",\"publisher\":{\"@id\":\"https:\/\/balekstreet.nodot.fr\/#organization\"},\"potentialAction\":[{\"@type\":\"SearchAction\",\"target\":{\"@type\":\"EntryPoint\",\"urlTemplate\":\"https:\/\/balekstreet.nodot.fr\/?s={search_term_string}\"},\"query-input\":{\"@type\":\"PropertyValueSpecification\",\"valueRequired\":true,\"valueName\":\"search_term_string\"}}],\"inLanguage\":\"fr-FR\"},{\"@type\":\"Organization\",\"@id\":\"https:\/\/balekstreet.nodot.fr\/#organization\",\"name\":\"Balek Street\",\"url\":\"https:\/\/balekstreet.nodot.fr\/\",\"logo\":{\"@type\":\"ImageObject\",\"inLanguage\":\"fr-FR\",\"@id\":\"https:\/\/balekstreet.nodot.fr\/#\/schema\/logo\/image\/\",\"url\":\"https:\/\/balekstreet.nodot.fr\/wp-content\/uploads\/2024\/03\/EP1_S3.png\",\"contentUrl\":\"https:\/\/balekstreet.nodot.fr\/wp-content\/uploads\/2024\/03\/EP1_S3.png\",\"width\":1080,\"height\":943,\"caption\":\"Balek Street\"},\"image\":{\"@id\":\"https:\/\/balekstreet.nodot.fr\/#\/schema\/logo\/image\/\"}}]}<\/script>\n<!-- \/ Yoast SEO plugin. -->","yoast_head_json":{"title":"Balek Street, votre dessin anim\u00e9 compl\u00e8tement barr\u00e9 !","description":"Minute de folie avec Balek Street ! Dessin anim\u00e9 d\u00e9jant\u00e9 o\u00f9 actualit\u00e9 et absurdit\u00e9 se rencontrent. D\u00e9couvrez le monde du 'balek' !","robots":{"index":"index","follow":"follow","max-snippet":"max-snippet:-1","max-image-preview":"max-image-preview:large","max-video-preview":"max-video-preview:-1"},"canonical":"https:\/\/balekstreet.nodot.fr\/","og_locale":"fr_FR","og_type":"article","og_title":"Balek Street, votre dessin anim\u00e9 compl\u00e8tement barr\u00e9 !","og_description":"Minute de folie avec Balek Street ! Dessin anim\u00e9 d\u00e9jant\u00e9 o\u00f9 actualit\u00e9 et absurdit\u00e9 se rencontrent. D\u00e9couvrez le monde du 'balek' !","og_url":"https:\/\/balekstreet.nodot.fr\/","og_site_name":"Balekstreet","article_modified_time":"2024-06-02T13:29:53+00:00","og_image":[{"url":"https:\/\/balekstreet.nodot.fr\/wp-content\/uploads\/2024\/03\/Capture-decran-2024-03-24-a-18.37.40-1024x573.png","type":"","width":"","height":""}],"twitter_card":"summary_large_image","twitter_misc":{"Dur\u00e9e de lecture estim\u00e9e":"3 minutes"},"schema":{"@context":"https:\/\/schema.org","@graph":[{"@type":"WebPage","@id":"https:\/\/balekstreet.nodot.fr\/","url":"https:\/\/balekstreet.nodot.fr\/","name":"Balek Street, votre dessin anim\u00e9 compl\u00e8tement barr\u00e9 !","isPartOf":{"@id":"https:\/\/balekstreet.nodot.fr\/#website"},"primaryImageOfPage":{"@id":"https:\/\/balekstreet.nodot.fr\/#primaryimage"},"image":{"@id":"https:\/\/balekstreet.nodot.fr\/#primaryimage"},"thumbnailUrl":"https:\/\/balekstreet.nodot.fr\/wp-content\/uploads\/2024\/03\/Capture-decran-2024-03-24-a-18.37.40-1024x573.png","datePublished":"2024-03-23T10:22:52+00:00","dateModified":"2024-06-02T13:29:53+00:00","description":"Minute de folie avec Balek Street ! Dessin anim\u00e9 d\u00e9jant\u00e9 o\u00f9 actualit\u00e9 et absurdit\u00e9 se rencontrent. D\u00e9couvrez le monde du 'balek' !","breadcrumb":{"@id":"https:\/\/balekstreet.nodot.fr\/#breadcrumb"},"inLanguage":"fr-FR","potentialAction":[{"@type":"ReadAction","target":["https:\/\/balekstreet.nodot.fr\/"]}]},{"@type":"ImageObject","inLanguage":"fr-FR","@id":"https:\/\/balekstreet.nodot.fr\/#primaryimage","url":"https:\/\/balekstreet.nodot.fr\/wp-content\/uploads\/2024\/03\/Capture-decran-2024-03-24-a-18.37.40.png","contentUrl":"https:\/\/balekstreet.nodot.fr\/wp-content\/uploads\/2024\/03\/Capture-decran-2024-03-24-a-18.37.40.png","width":1186,"height":664,"caption":"Balek Street Episode 13"},{"@type":"BreadcrumbList","@id":"https:\/\/balekstreet.nodot.fr\/#breadcrumb","itemListElement":[{"@type":"ListItem","position":1,"name":"Accueil","item":"https:\/\/balekstreet.nodot.fr\/"},{"@type":"ListItem","position":2,"name":"Homepage"}]},{"@type":"WebSite","@id":"https:\/\/balekstreet.nodot.fr\/#website","url":"https:\/\/balekstreet.nodot.fr\/","name":"Balek Street","description":"","publisher":{"@id":"https:\/\/balekstreet.nodot.fr\/#organization"},"potentialAction":[{"@type":"SearchAction","target":{"@type":"EntryPoint","urlTemplate":"https:\/\/balekstreet.nodot.fr\/?s={search_term_string}"},"query-input":{"@type":"PropertyValueSpecification","valueRequired":true,"valueName":"search_term_string"}}],"inLanguage":"fr-FR"},{"@type":"Organization","@id":"https:\/\/balekstreet.nodot.fr\/#organization","name":"Balek Street","url":"https:\/\/balekstreet.nodot.fr\/","logo":{"@type":"ImageObject","inLanguage":"fr-FR","@id":"https:\/\/balekstreet.nodot.fr\/#\/schema\/logo\/image\/","url":"https:\/\/balekstreet.nodot.fr\/wp-content\/uploads\/2024\/03\/EP1_S3.png","contentUrl":"https:\/\/balekstreet.nodot.fr\/wp-content\/uploads\/2024\/03\/EP1_S3.png","width":1080,"height":943,"caption":"Balek Street"},"image":{"@id":"https:\/\/balekstreet.nodot.fr\/#\/schema\/logo\/image\/"}}]}},"_links":{"self":[{"href":"https:\/\/balekstreet.nodot.fr\/index.php\/wp-json\/wp\/v2\/pages\/83","targetHints":{"allow":["GET"]}}],"collection":[{"href":"https:\/\/balekstreet.nodot.fr\/index.php\/wp-json\/wp\/v2\/pages"}],"about":[{"href":"https:\/\/balekstreet.nodot.fr\/index.php\/wp-json\/wp\/v2\/types\/page"}],"author":[{"embeddable":true,"href":"https:\/\/balekstreet.nodot.fr\/index.php\/wp-json\/wp\/v2\/users\/2"}],"replies":[{"embeddable":true,"href":"https:\/\/balekstreet.nodot.fr\/index.php\/wp-json\/wp\/v2\/comments?post=83"}],"version-history":[{"count":73,"href":"https:\/\/balekstreet.nodot.fr\/index.php\/wp-json\/wp\/v2\/pages\/83\/revisions"}],"predecessor-version":[{"id":358,"href":"https:\/\/balekstreet.nodot.fr\/index.php\/wp-json\/wp\/v2\/pages\/83\/revisions\/358"}],"wp:attachment":[{"href":"https:\/\/balekstreet.nodot.fr\/index.php\/wp-json\/wp\/v2\/media?parent=83"}],"curies":[{"name":"wp","href":"https:\/\/api.w.org\/{rel}","templated":true}]}}